{"id":107,"date":"2016-06-09T12:25:20","date_gmt":"2016-06-09T10:25:20","guid":{"rendered":"http:\/\/sites.unipa.it\/master-gsru\/?page_id=107"},"modified":"2022-05-06T18:31:40","modified_gmt":"2022-05-06T16:31:40","slug":"alessia-liga","status":"publish","type":"page","link":"https:\/\/sites.unipa.it\/master-gsru\/index.php\/alessia-liga\/","title":{"rendered":"Alessia Liga"},"content":{"rendered":"\n<div class=\"wp-block-image\"><figure class=\"aligncenter\"><img src=\"http:\/\/sites.unipa.it\/master-gsru\/presentazioni_web_allievi\/liga\/DSC_0686.JPG\" alt=\"\"\/><\/figure><\/div>\n\n\n\n<p>Mi chiamo Alessia Liga, ho 30 anni e sono laureata in Psicologia Sociale del Lavoro e delle Organizzazioni.<\/p>\n\n\n\n<p>Durante il mio percorso mi sono sempre impegnata in un processo di sperimentazione continua in diversi ruoli, settori professionali e realt\u00e0 territoriali, dedicandomi per lo pi\u00f9 alla formazione ed alla progettazione, senza per\u00f2 mai escludere altre forme di esperienza professionale.&nbsp;Ci\u00f2 mi ha reso molto curiosa nei confronti di quelle variabili sociali ed economiche che influenzano le organizzazioni di lavoro e verso i meccanismi di gestione e organizzazione del lavoro stesso.<\/p>\n\n\n\n<p>Ho deciso dunque di diventare uno specialista in Risorse Umane.<\/p>\n\n\n\n<p>Il Master Universitario di 2\u00b0 livello in&nbsp;<a href=\"https:\/\/www.linkedin.com\/vsearch\/p?keywords=Gestione+e+Sviluppo+delle+Risorse+Umane&amp;trk=prof-edu-field_of_study\">Gestione e Sviluppo delle Risorse Umane<\/a> mi ha permesso di approfondire diverse tematiche: l&#8217;orientamento professionale, la selezione del personale, la valutazione e la pianificazione delle carriere, la valutazione e lo sviluppo delle competenze, la mediazione, la negoziazione e la gestione dei conflitti oltrech\u00e9 aspetti fondamentali relativi all\u2019amministrazione del personale e al diritto del lavoro.<\/p>\n\n\n\n<p>Durante il master ho avuto l\u2019opportunit\u00e0 di svolgere 500 ore di stage all\u2019interno dell\u2019ufficio Risorse Umane di una grande multinazionale quale \u00e8 IKEA. Questa \u00e8 stata fuor di dubbio un\u2019esperienza formativa, professionale e relazionale davvero degna di nota. All\u2019interno di un ambiente stimolante, rispettoso e che investe moltissimo nello sviluppo del proprio personale, ho potuto osservare il funzionamento pratico di diverse aree e sperimentarmi in moltissime di esse: dalla gestione amministrativa, alla pianificazione dello staff, l\u2019inserimento, la formazione e lo sviluppo, sono inoltre riuscita ad avere parecchia autonomia soprattutto nelle aree di reclutamento e selezione.<\/p>\n\n\n\n<p>Il mio attuale interesse professionale si rivolge principalmente alla formazione e all&#8217;orientamento professionale, alla selezione ed alla valutazione del personale.<\/p>\n\n\n\n<p>Un personale consiglio per direzionare le proprie scelte professionali? Essere sempre curiosi e sperimentarsi il pi\u00f9 possibile, trarre insegnamento anche (e soprattutto) dagli errori, dar spazio alle idee ed ai progetti personali procurandosi nel frattempo gli strumenti necessari per portarli avanti e, soprattutto, mettere sempre in qualunque cosa la testa, le mani e il cuore.<\/p>\n","protected":false},"excerpt":{"rendered":"<p>Mi chiamo Alessia Liga, ho 30 anni e sono laureata in Psicologia Sociale del Lavoro e delle Organizzazioni. Durante il mio percorso mi sono sempre impegnata in un processo di sperimentazione continua in diversi ruoli, settori professionali e realt\u00e0 territoriali,&#8230;<br \/><a class=\"read-more-button\" href=\"https:\/\/sites.unipa.it\/master-gsru\/index.php\/alessia-liga\/\">Continua a leggere<\/a><\/p>\n","protected":false},"author":1,"featured_media":0,"parent":0,"menu_order":0,"comment_status":"closed","ping_status":"closed","template":"template-full-width.php","meta":[],"_links":{"self":[{"href":"https:\/\/sites.unipa.it\/master-gsru\/index.php\/wp-json\/wp\/v2\/pages\/107"}],"collection":[{"href":"https:\/\/sites.unipa.it\/master-gsru\/index.php\/wp-json\/wp\/v2\/pages"}],"about":[{"href":"https:\/\/sites.unipa.it\/master-gsru\/index.php\/wp-json\/wp\/v2\/types\/page"}],"author":[{"embeddable":true,"href":"https:\/\/sites.unipa.it\/master-gsru\/index.php\/wp-json\/wp\/v2\/users\/1"}],"replies":[{"embeddable":true,"href":"https:\/\/sites.unipa.it\/master-gsru\/index.php\/wp-json\/wp\/v2\/comments?post=107"}],"version-history":[{"count":5,"href":"https:\/\/sites.unipa.it\/master-gsru\/index.php\/wp-json\/wp\/v2\/pages\/107\/revisions"}],"predecessor-version":[{"id":660,"href":"https:\/\/sites.unipa.it\/master-gsru\/index.php\/wp-json\/wp\/v2\/pages\/107\/revisions\/660"}],"wp:attachment":[{"href":"https:\/\/sites.unipa.it\/master-gsru\/index.php\/wp-json\/wp\/v2\/media?parent=107"}],"curies":[{"name":"wp","href":"https:\/\/api.w.org\/{rel}","templated":true}]}}