{"id":113,"date":"2016-06-09T12:35:27","date_gmt":"2016-06-09T10:35:27","guid":{"rendered":"http:\/\/sites.unipa.it\/master-gsru\/?page_id=113"},"modified":"2017-11-07T10:10:18","modified_gmt":"2017-11-07T09:10:18","slug":"luisa-maria-raneri","status":"publish","type":"page","link":"https:\/\/sites.unipa.it\/master-gsru\/index.php\/luisa-maria-raneri\/","title":{"rendered":"Luisa Maria Raneri"},"content":{"rendered":"<p><img loading=\"lazy\" class=\"aligncenter\" src=\"http:\/\/sites.unipa.it\/master-gsru\/presentazioni_web_allievi\/raneri\/raneri.jpg\" width=\"146\" height=\"219\" \/><\/p>\n<p>Mi chiamo Luisa Maria Raneri, ho 27 anni e sono laureata in Scienze della comunicazione pubblica, d\u2019impresa e pubblicit\u00e0. Ho proseguito gli studi scegliendo il Master in Gestione e Sviluppo delle Risorse Umane perch\u00e9 \u00e8 un settore che mi appassiona moltissimo, in tutti i suoi diversi aspetti.\u00a0La prima cosa che ho imparato all\u2019interno del Master \u00e8 stata, appunto, la pluralit\u00e0 degli ambiti entro cui poter esercitare la professione di HR: amministrazione del personale, recruiting, formazione, outplacement. In ogni ambito il nucleo \u00e8 rappresentato da un fattore importantissimo: la passione per le persone, per lo sviluppo del loro talento e per la valorizzazione del capitale umano a disposizione delle imprese.<\/p>\n<p>Ho avuto l\u2019opportunit\u00e0 di svolgere uno stage di 6 mesi all\u2019interno di una grande e solida azienda, Leroy Merlin Italia, entro cui mi sono occupata di moltissimi aspetti pratici quali: l\u2019iter di ricerca e selezione del personale, interviste di selezione, training sulle pratiche di assunzione, training sulle comunicazioni obbligatorie agli enti preposti e gestione delle presenze per l\u2019 elaborazione del cedolino paga (ho imparato ad utilizzare il programma gestionale Zucchetti).<\/p>\n<p>La cosa pi\u00f9 importante che ho acquisito durante la mia esperienza di stage \u00e8 stata la capacit\u00e0 di muovermi con autonomia e consapevolezza all\u2019interno di quelle che sono le logiche aziendali, confrontandomi con esperti del settore e mettendo in gioco tutte le mie competenze.<\/p>\n<p>Il mio obiettivo, adesso, \u00e8 continuare a crescere e specializzarmi nel settore HR, specie nell\u2019ambito della ricerca e selezione del personale, nonch\u00e9 approfondire il settore dell\u2019amministrazione e gestione del personale. Mi piacerebbe moltissimo operare all\u2019interno di contesti aziendali ma sento l\u2019esigenza di sperimentarmi anche in realt\u00e0 di altro tipo, quali agenzie per il lavoro o aziende pubbliche, e muovermi nel territorio nazionale.\u00a0Il settore HR \u00e8 molto dinamico e in continua evoluzione; richiede dedizione, forte passione, perspicacia, ottime doti comunicative e relazionali e capacit\u00e0 di adattamento. Bisogna sperimentarsi e mettersi in gioco ogni giorno! Come afferm\u00f2 lo psicologo statunitense Abraham Maslow: \u201c<em>Ho imparato che i principianti vedono sempre cose che sfuggono agli esperti. Tutto quello che \u00e8 necessario \u00e8 di non avere paura di fare errori, oppure di apparire ingenui\u201d. <\/em><\/p>\n<p>&nbsp;<\/p>\n","protected":false},"excerpt":{"rendered":"<p>Mi chiamo Luisa Maria Raneri, ho 27 anni e sono laureata in Scienze della comunicazione pubblica, d\u2019impresa e pubblicit\u00e0. Ho proseguito gli studi scegliendo il Master in Gestione e Sviluppo delle Risorse Umane perch\u00e9 \u00e8 un settore che mi appassiona&#8230;<br \/><a class=\"read-more-button\" href=\"https:\/\/sites.unipa.it\/master-gsru\/index.php\/luisa-maria-raneri\/\">Continua a leggere<\/a><\/p>\n","protected":false},"author":1,"featured_media":0,"parent":0,"menu_order":0,"comment_status":"closed","ping_status":"closed","template":"template-full-width.php","meta":[],"_links":{"self":[{"href":"https:\/\/sites.unipa.it\/master-gsru\/index.php\/wp-json\/wp\/v2\/pages\/113"}],"collection":[{"href":"https:\/\/sites.unipa.it\/master-gsru\/index.php\/wp-json\/wp\/v2\/pages"}],"about":[{"href":"https:\/\/sites.unipa.it\/master-gsru\/index.php\/wp-json\/wp\/v2\/types\/page"}],"author":[{"embeddable":true,"href":"https:\/\/sites.unipa.it\/master-gsru\/index.php\/wp-json\/wp\/v2\/users\/1"}],"replies":[{"embeddable":true,"href":"https:\/\/sites.unipa.it\/master-gsru\/index.php\/wp-json\/wp\/v2\/comments?post=113"}],"version-history":[{"count":3,"href":"https:\/\/sites.unipa.it\/master-gsru\/index.php\/wp-json\/wp\/v2\/pages\/113\/revisions"}],"predecessor-version":[{"id":250,"href":"https:\/\/sites.unipa.it\/master-gsru\/index.php\/wp-json\/wp\/v2\/pages\/113\/revisions\/250"}],"wp:attachment":[{"href":"https:\/\/sites.unipa.it\/master-gsru\/index.php\/wp-json\/wp\/v2\/media?parent=113"}],"curies":[{"name":"wp","href":"https:\/\/api.w.org\/{rel}","templated":true}]}}