{"id":117,"date":"2016-06-09T12:38:25","date_gmt":"2016-06-09T10:38:25","guid":{"rendered":"http:\/\/sites.unipa.it\/master-gsru\/?page_id=117"},"modified":"2017-11-07T10:09:46","modified_gmt":"2017-11-07T09:09:46","slug":"salvatore-russotto","status":"publish","type":"page","link":"https:\/\/sites.unipa.it\/master-gsru\/index.php\/salvatore-russotto\/","title":{"rendered":"Salvatore Russotto"},"content":{"rendered":"<p><img loading=\"lazy\" class=\"aligncenter\" src=\"http:\/\/sites.unipa.it\/master-gsru\/presentazioni_web_allievi\/russotto\/Senza%20titolo.jpg\" width=\"172\" height=\"190\" \/><\/p>\n<p>Salvatore Russotto, 29 anni, mi laureo in Giurisprudenza a Firenze e conseguo l\u2019abilitazione all\u2019esercizio della professione forense nel mese di Settembre 2015 c\/o il Distretto di Corte d\u2019Appello di Caltanissetta.Durante gli studi universitari ho prestato la mia attivit\u00e0 lavorativa all\u2019interno di un\u2019azienda, svolgendo la mansione di intermediario tra quest\u2019ultima e i propri dipendenti: pi\u00f9 precisamente, dovevo evitare che sorgessero conflitti interni!<\/p>\n<p>E\u2019 in questa fase che ho iniziato a conoscere il mondo delle \u201crisorse umane\u201d!<\/p>\n<p>Tuttavia, dopo la laurea ho scelto di intraprendere la pratica legale per chiarirmi le idee\u2026 Risultato? Dopo la prova scritta mi sono reso conto di non voler fare uno di quei lavori che sono tipici sbocchi del mio corso di laurea, ed allora \u00e8 tornato in me quell\u2019interesse forte e quella passione che avevo acquisito durante l\u2019attivit\u00e0 lavorativa: il mondo delle Risorse Umane.\u00a0Per questo motivo ho deciso di approfondire le tematiche HR attraverso questo master. Le conoscenze di base e la didattica dei docenti hanno fatto s\u00ec che le stesse divenissero pi\u00f9 complete. Inoltre questo master \u00e8 stato per me fonte di accrescimento personale determinando una maggiore sicurezza nonch\u00e8 un ampliamento delle mie competenze trasversali.\u00a0Quest\u2019ultime sono state implementate anche grazie allo stage svolto all\u2019interno della societ\u00e0 Agrumaria Corleone S.p.A., ove mi sono occupato di un progetto sperimentale avente ad oggetto la mappatura dei processi aziendali: attivit\u00e0 propedeutica all\u2019obiettivo prefissato dall\u2019azienda, ossia la revisione dei mansionari, la redistribuzione dei carichi di lavoro e la valorizzazione del personale.<\/p>\n<p>Del presente Master porto con me una miriade di insegnamenti didattici ma soprattutto di vita\u2026 Una crescita personale e professionale a 360\u00b0, grazie al contributo dei docenti, dello staff e, non ultimi, dei compagni di corso. Sono felicissimo della scelta fatta e del ventaglio di opportunit\u00e0 che credo possano derivarne.<\/p>\n<p>Auguro a tutti di vivere un\u2019esperienza simile!<\/p>\n","protected":false},"excerpt":{"rendered":"<p>Salvatore Russotto, 29 anni, mi laureo in Giurisprudenza a Firenze e conseguo l\u2019abilitazione all\u2019esercizio della professione forense nel mese di Settembre 2015 c\/o il Distretto di Corte d\u2019Appello di Caltanissetta.Durante gli studi universitari ho prestato la mia attivit\u00e0 lavorativa all\u2019interno&#8230;<br \/><a class=\"read-more-button\" href=\"https:\/\/sites.unipa.it\/master-gsru\/index.php\/salvatore-russotto\/\">Continua a leggere<\/a><\/p>\n","protected":false},"author":1,"featured_media":0,"parent":0,"menu_order":0,"comment_status":"closed","ping_status":"closed","template":"template-full-width.php","meta":[],"_links":{"self":[{"href":"https:\/\/sites.unipa.it\/master-gsru\/index.php\/wp-json\/wp\/v2\/pages\/117"}],"collection":[{"href":"https:\/\/sites.unipa.it\/master-gsru\/index.php\/wp-json\/wp\/v2\/pages"}],"about":[{"href":"https:\/\/sites.unipa.it\/master-gsru\/index.php\/wp-json\/wp\/v2\/types\/page"}],"author":[{"embeddable":true,"href":"https:\/\/sites.unipa.it\/master-gsru\/index.php\/wp-json\/wp\/v2\/users\/1"}],"replies":[{"embeddable":true,"href":"https:\/\/sites.unipa.it\/master-gsru\/index.php\/wp-json\/wp\/v2\/comments?post=117"}],"version-history":[{"count":6,"href":"https:\/\/sites.unipa.it\/master-gsru\/index.php\/wp-json\/wp\/v2\/pages\/117\/revisions"}],"predecessor-version":[{"id":249,"href":"https:\/\/sites.unipa.it\/master-gsru\/index.php\/wp-json\/wp\/v2\/pages\/117\/revisions\/249"}],"wp:attachment":[{"href":"https:\/\/sites.unipa.it\/master-gsru\/index.php\/wp-json\/wp\/v2\/media?parent=117"}],"curies":[{"name":"wp","href":"https:\/\/api.w.org\/{rel}","templated":true}]}}