{"id":27,"date":"2016-05-19T18:20:32","date_gmt":"2016-05-19T16:20:32","guid":{"rendered":"http:\/\/sites.unipa.it\/master-gsru\/?page_id=27"},"modified":"2023-02-20T10:42:42","modified_gmt":"2023-02-20T09:42:42","slug":"informazioni-generali","status":"publish","type":"page","link":"https:\/\/sites.unipa.it\/master-gsru\/index.php\/informazioni-generali\/","title":{"rendered":"Informazioni generali"},"content":{"rendered":"<p>Il percorso formativo, della <strong>durata di un anno<\/strong>, ha come obiettivo la preparazione e la qualificazione professionale dei partecipanti, alla luce delle conoscenze scientifiche e delle prassi aziendali pi\u00f9 aggiornate. I <a href=\"http:\/\/sites.unipa.it\/master-gsru\/index.php\/informazioni-generali\/informazioni\/\">moduli didattici<\/a>, <strong>organizzati nei weekend per favorire coloro i quali sono gi\u00e0 impegnati in attivit\u00e0 lavorative<\/strong>, sono finalizzati a favorire nei partecipanti l\u2019acquisizione di competenze nelle attivit\u00e0 di gestione e sviluppo delle risorse umane, con riferimento alla conoscenze dei modelli teorici, delle metodologie e degli strumenti operativi che costituiscono la \u201ccultura di base\u201d per comprendere le diverse aree d\u2019intervento e le \u201cbuone\u201d prassi aziendali. Ciascuna Area di competenza viene sviluppata articolando due esigenze: Fornire un quadro concettuale\/metodologico e consentire l\u2019acquisizione di specifici modelli\/dispositivi\/strumenti applicativi.<\/p>\n<p>Il raggiungimento degli obiettivi formativi \u00e8 garantito dall\u2019approccio multidisciplinare e integrato del percorso formativo teorico-pratico del Master, che si avvale di <a href=\"http:\/\/sites.unipa.it\/master-gsru\/index.php\/corpo-docente\/\">docenti di elevata qualificazione<\/a>. Ai docenti di provenienza universitaria, si affiancheranno una quota maggioritaria di esperti di notevole competenza professionale nei campi applicativi ed operativi, in tema di gestione e sviluppo del personale di azienda. Sono previsti degli <a href=\"http:\/\/sites.unipa.it\/master-gsru\/index.php\/informazioni-generali\/sedi-di-stage\/\">stage in azienda<\/a> e degli affiancamenti sul campo al fine di favorire la conoscenza delle realt\u00e0 organizzative ed una reale opportunit\u00e0 di inserimento professionale nelle realt\u00e0 aziendali.<\/p>\n","protected":false},"excerpt":{"rendered":"<p>Il percorso formativo, della durata di un anno, ha come obiettivo la preparazione e la qualificazione professionale dei partecipanti, alla luce delle conoscenze scientifiche e delle prassi aziendali pi\u00f9 aggiornate. I moduli didattici, organizzati nei weekend per favorire coloro i&#8230;<br \/><a class=\"read-more-button\" href=\"https:\/\/sites.unipa.it\/master-gsru\/index.php\/informazioni-generali\/\">Continua a leggere<\/a><\/p>\n","protected":false},"author":1,"featured_media":0,"parent":0,"menu_order":0,"comment_status":"closed","ping_status":"closed","template":"template-full-width.php","meta":[],"_links":{"self":[{"href":"https:\/\/sites.unipa.it\/master-gsru\/index.php\/wp-json\/wp\/v2\/pages\/27"}],"collection":[{"href":"https:\/\/sites.unipa.it\/master-gsru\/index.php\/wp-json\/wp\/v2\/pages"}],"about":[{"href":"https:\/\/sites.unipa.it\/master-gsru\/index.php\/wp-json\/wp\/v2\/types\/page"}],"author":[{"embeddable":true,"href":"https:\/\/sites.unipa.it\/master-gsru\/index.php\/wp-json\/wp\/v2\/users\/1"}],"replies":[{"embeddable":true,"href":"https:\/\/sites.unipa.it\/master-gsru\/index.php\/wp-json\/wp\/v2\/comments?post=27"}],"version-history":[{"count":4,"href":"https:\/\/sites.unipa.it\/master-gsru\/index.php\/wp-json\/wp\/v2\/pages\/27\/revisions"}],"predecessor-version":[{"id":35,"href":"https:\/\/sites.unipa.it\/master-gsru\/index.php\/wp-json\/wp\/v2\/pages\/27\/revisions\/35"}],"wp:attachment":[{"href":"https:\/\/sites.unipa.it\/master-gsru\/index.php\/wp-json\/wp\/v2\/media?parent=27"}],"curies":[{"name":"wp","href":"https:\/\/api.w.org\/{rel}","templated":true}]}}