{"id":299,"date":"2018-01-25T11:56:18","date_gmt":"2018-01-25T10:56:18","guid":{"rendered":"http:\/\/sites.unipa.it\/master-gsru\/?page_id=299"},"modified":"2018-01-25T11:58:28","modified_gmt":"2018-01-25T10:58:28","slug":"costantino-coco","status":"publish","type":"page","link":"https:\/\/sites.unipa.it\/master-gsru\/index.php\/allievi\/costantino-coco\/","title":{"rendered":"Costantino Coco"},"content":{"rendered":"<p><img loading=\"lazy\" class=\"size-medium wp-image-301 aligncenter\" src=\"http:\/\/sites.unipa.it\/master-gsru\/wp-content\/uploads\/IMG_20171130_085930-216x300.jpg\" alt=\"dav\" width=\"216\" height=\"300\" srcset=\"https:\/\/sites.unipa.it\/master-gsru\/wp-content\/uploads\/IMG_20171130_085930-216x300.jpg 216w, https:\/\/sites.unipa.it\/master-gsru\/wp-content\/uploads\/IMG_20171130_085930-737x1024.jpg 737w, https:\/\/sites.unipa.it\/master-gsru\/wp-content\/uploads\/IMG_20171130_085930-956x1329.jpg 956w\" sizes=\"(max-width: 216px) 100vw, 216px\" \/><\/p>\n<p align=\"justify\">Costantino Coco, classe 1988. Laurea in Giurisprudenza conseguita nel 2014. Un anno di studi trascorso all\u2019estero nell\u2019ambito del progetto Erasmus presso l\u2019Universitat de Girona (Catalogna, Spagna). Stage post laurea svolto presso Findomestic Banca S.p.A. nel ruolo di operatore servizio clienti e commerciale.<\/p>\n<p align=\"justify\">L\u2019idea di iscriversi al Master in Risorse Umane nasce dalla volont\u00e0 di approfondire alcune tematiche, a me gi\u00e0 parzialmente note, come l\u2019Amministrazione del Personale e le Relazioni Sindacali e di conoscerne di nuove, come la Selezione del Personale e le tecniche di Gestione delle risorse all\u2019interno di team o uffici. Stage curriculare del Master svolto presso Leroy Merlin Srl all\u2019interno degli uffici Controllo di Gestione e Risorse Umane. Mi sono occupato della gestione del c.d. progetto Green Zone volto a ottimizzare la gestione degli spazi promozionali all\u2019interno del punto vendita e a monitorare e relazionare sul forte impatto avuto sulle risorse coinvolte.<\/p>\n<p align=\"justify\">L\u2019esperienza del Master, unitamente a quella dello stage annesso, \u00e8 stata altamente formativa e qualificante soprattutto perch\u00e9, in un mondo professionale sempre pi\u00f9 competitivo, mi ha dato l\u2019opportunit\u00e0 di accrescere il mio bagaglio di competenze sia tecniche che relazionali e di confrontarmi con la realt\u00e0 di una grande multinazionale.<\/p>\n","protected":false},"excerpt":{"rendered":"<p>Costantino Coco, classe 1988. Laurea in Giurisprudenza conseguita nel 2014. Un anno di studi trascorso all\u2019estero nell\u2019ambito del progetto Erasmus presso l\u2019Universitat de Girona (Catalogna, Spagna). Stage post laurea svolto presso Findomestic Banca S.p.A. nel ruolo di operatore servizio clienti&#8230;<br \/><a class=\"read-more-button\" href=\"https:\/\/sites.unipa.it\/master-gsru\/index.php\/allievi\/costantino-coco\/\">Continua a leggere<\/a><\/p>\n","protected":false},"author":1,"featured_media":0,"parent":60,"menu_order":0,"comment_status":"closed","ping_status":"closed","template":"template-full-width.php","meta":[],"_links":{"self":[{"href":"https:\/\/sites.unipa.it\/master-gsru\/index.php\/wp-json\/wp\/v2\/pages\/299"}],"collection":[{"href":"https:\/\/sites.unipa.it\/master-gsru\/index.php\/wp-json\/wp\/v2\/pages"}],"about":[{"href":"https:\/\/sites.unipa.it\/master-gsru\/index.php\/wp-json\/wp\/v2\/types\/page"}],"author":[{"embeddable":true,"href":"https:\/\/sites.unipa.it\/master-gsru\/index.php\/wp-json\/wp\/v2\/users\/1"}],"replies":[{"embeddable":true,"href":"https:\/\/sites.unipa.it\/master-gsru\/index.php\/wp-json\/wp\/v2\/comments?post=299"}],"version-history":[{"count":3,"href":"https:\/\/sites.unipa.it\/master-gsru\/index.php\/wp-json\/wp\/v2\/pages\/299\/revisions"}],"predecessor-version":[{"id":303,"href":"https:\/\/sites.unipa.it\/master-gsru\/index.php\/wp-json\/wp\/v2\/pages\/299\/revisions\/303"}],"up":[{"embeddable":true,"href":"https:\/\/sites.unipa.it\/master-gsru\/index.php\/wp-json\/wp\/v2\/pages\/60"}],"wp:attachment":[{"href":"https:\/\/sites.unipa.it\/master-gsru\/index.php\/wp-json\/wp\/v2\/media?parent=299"}],"curies":[{"name":"wp","href":"https:\/\/api.w.org\/{rel}","templated":true}]}}