{"id":49,"date":"2016-05-28T10:50:16","date_gmt":"2016-05-28T08:50:16","guid":{"rendered":"http:\/\/sites.unipa.it\/master-gsru\/?page_id=49"},"modified":"2016-05-28T11:16:09","modified_gmt":"2016-05-28T09:16:09","slug":"persone","status":"publish","type":"page","link":"https:\/\/sites.unipa.it\/master-gsru\/index.php\/persone\/","title":{"rendered":"Persone"},"content":{"rendered":"<p>Come spesso si dice, le persone\u00a0sono il centro della attivit\u00e0 di ogni organizzazione professionale. Ma spesso ci\u00f2 rimane soltanto uno slogan, una frase che la modernit\u00e0 impone ma che trova pochi riferimenti nelle pratiche organizzative, nei modi e nei tempi in cui il lavoro quotidiano viene immaginato e soprattutto realizzato. La finalit\u00e0 del Master \u00e8 formare persone in grado di riportare al centro delle attivit\u00e0 lavorative il senso stesso del lavoro, inteso come strumento attraverso cui gli individui trovino spazio per la\u00a0realizzazione di buona parte delle proprie aspirazioni. E, attraverso ci\u00f2,\u00a0che la convivenza tra le persone nei luoghi \u00a0di lavoro sia sostenuta da un flusso di energia positiva in grado di far superare le sfide che la stessa organizzazione si \u00e8 data, siano esse produzione, tutela, servizi, ecc. Si tratta di un obiettivo molto difficile, ma non impossibile, da realizzare, come dimostrano diverse organizzazioni lavorative dove quotidianamente ognuna delle persone che le compongono trovano una <em>adeguata soddisfazione<\/em> e nelle quali il <em>livello di conflitto<\/em> \u00e8 <em>minimo<\/em>.<\/p>\n<p>Le persone che compongono il master sono primariamente gli allievi, affiancati dal consiglio\u00a0scientifico e dal corpo docente.<\/p>\n","protected":false},"excerpt":{"rendered":"<p>Come spesso si dice, le persone\u00a0sono il centro della attivit\u00e0 di ogni organizzazione professionale. Ma spesso ci\u00f2 rimane soltanto uno slogan, una frase che la modernit\u00e0 impone ma che trova pochi riferimenti nelle pratiche organizzative, nei modi e nei tempi&#8230;<br \/><a class=\"read-more-button\" href=\"https:\/\/sites.unipa.it\/master-gsru\/index.php\/persone\/\">Continua a leggere<\/a><\/p>\n","protected":false},"author":1,"featured_media":0,"parent":0,"menu_order":0,"comment_status":"closed","ping_status":"closed","template":"template-full-width.php","meta":[],"_links":{"self":[{"href":"https:\/\/sites.unipa.it\/master-gsru\/index.php\/wp-json\/wp\/v2\/pages\/49"}],"collection":[{"href":"https:\/\/sites.unipa.it\/master-gsru\/index.php\/wp-json\/wp\/v2\/pages"}],"about":[{"href":"https:\/\/sites.unipa.it\/master-gsru\/index.php\/wp-json\/wp\/v2\/types\/page"}],"author":[{"embeddable":true,"href":"https:\/\/sites.unipa.it\/master-gsru\/index.php\/wp-json\/wp\/v2\/users\/1"}],"replies":[{"embeddable":true,"href":"https:\/\/sites.unipa.it\/master-gsru\/index.php\/wp-json\/wp\/v2\/comments?post=49"}],"version-history":[{"count":3,"href":"https:\/\/sites.unipa.it\/master-gsru\/index.php\/wp-json\/wp\/v2\/pages\/49\/revisions"}],"predecessor-version":[{"id":67,"href":"https:\/\/sites.unipa.it\/master-gsru\/index.php\/wp-json\/wp\/v2\/pages\/49\/revisions\/67"}],"wp:attachment":[{"href":"https:\/\/sites.unipa.it\/master-gsru\/index.php\/wp-json\/wp\/v2\/media?parent=49"}],"curies":[{"name":"wp","href":"https:\/\/api.w.org\/{rel}","templated":true}]}}