{"id":54,"date":"2016-05-28T10:59:09","date_gmt":"2016-05-28T08:59:09","guid":{"rendered":"http:\/\/sites.unipa.it\/master-gsru\/?page_id=54"},"modified":"2022-12-12T16:13:10","modified_gmt":"2022-12-12T15:13:10","slug":"consiglio-scientifico","status":"publish","type":"page","link":"https:\/\/sites.unipa.it\/master-gsru\/index.php\/persone\/consiglio-scientifico\/","title":{"rendered":"Consiglio scientifico"},"content":{"rendered":"\n<div class=\"wp-container-1 wp-block-group\"><div class=\"wp-block-group__inner-container\"><\/div><\/div>\n\n\n\n<p><br><a href=\"https:\/\/sites.unipa.it\/master-gsru\/index.php\/corpo-docente\/francesco-pace\/\" data-type=\"page\" data-id=\"222\">Francesco Pace<\/a>, Docente di Psicologia del Lavoro e delle Organizzazioni presso l&#8217;Universit\u00e0 degli Studi di Palermo<br>Raimondo Ingrassia, Docente di Organizzazione Aziendale presso l&#8217;Universit\u00e0 degli Studi di Palermo<br><a href=\"https:\/\/sites.unipa.it\/master-gsru\/index.php\/corpo-docente\/giovanni-di-stefano\/\" data-type=\"page\" data-id=\"239\">Giovanni Di Stefano<\/a>, Docente Universit\u00e0 degli Studi di Palermo<br><a href=\"https:\/\/sites.unipa.it\/master-gsru\/index.php\/corpo-docente\/giuseppe-ruvolo\/\" data-type=\"page\" data-id=\"232\">Giuseppe Ruvolo<\/a>, Libero Professionista, gi\u00e0 Docente presso l&#8217;Universit\u00e0 degli Studi di Palermo<br><a href=\"https:\/\/www.linkedin.com\/search\/results\/all\/?heroEntityKey=urn%3Ali%3Afsd_profile%3AACoAAASYRAEBTcZu7NF-QWYT0QTgMkki3cbvAus&amp;keywords=fabrizio%20monteverde%20-%20www.fabriziomonteverde.it&amp;origin=RICH_QUERY_SUGGESTION&amp;position=0&amp;searchId=a68a7bac-d69f-4c95-9826-e63b935428b9&amp;sid=k3B\">Fabrizio Monteverde<\/a>, Libero Professionista<br><br><\/p>\n","protected":false},"excerpt":{"rendered":"<p>Francesco Pace, Docente di Psicologia del Lavoro e delle Organizzazioni presso l&#8217;Universit\u00e0 degli Studi di PalermoRaimondo Ingrassia, Docente di Organizzazione Aziendale presso l&#8217;Universit\u00e0 degli Studi di PalermoGiovanni Di Stefano, Docente Universit\u00e0 degli Studi di PalermoGiuseppe Ruvolo, Libero Professionista, gi\u00e0 Docente&#8230;<br \/><a class=\"read-more-button\" href=\"https:\/\/sites.unipa.it\/master-gsru\/index.php\/persone\/consiglio-scientifico\/\">Continua a leggere<\/a><\/p>\n","protected":false},"author":1,"featured_media":0,"parent":49,"menu_order":0,"comment_status":"closed","ping_status":"closed","template":"template-full-width.php","meta":[],"_links":{"self":[{"href":"https:\/\/sites.unipa.it\/master-gsru\/index.php\/wp-json\/wp\/v2\/pages\/54"}],"collection":[{"href":"https:\/\/sites.unipa.it\/master-gsru\/index.php\/wp-json\/wp\/v2\/pages"}],"about":[{"href":"https:\/\/sites.unipa.it\/master-gsru\/index.php\/wp-json\/wp\/v2\/types\/page"}],"author":[{"embeddable":true,"href":"https:\/\/sites.unipa.it\/master-gsru\/index.php\/wp-json\/wp\/v2\/users\/1"}],"replies":[{"embeddable":true,"href":"https:\/\/sites.unipa.it\/master-gsru\/index.php\/wp-json\/wp\/v2\/comments?post=54"}],"version-history":[{"count":14,"href":"https:\/\/sites.unipa.it\/master-gsru\/index.php\/wp-json\/wp\/v2\/pages\/54\/revisions"}],"predecessor-version":[{"id":682,"href":"https:\/\/sites.unipa.it\/master-gsru\/index.php\/wp-json\/wp\/v2\/pages\/54\/revisions\/682"}],"up":[{"embeddable":true,"href":"https:\/\/sites.unipa.it\/master-gsru\/index.php\/wp-json\/wp\/v2\/pages\/49"}],"wp:attachment":[{"href":"https:\/\/sites.unipa.it\/master-gsru\/index.php\/wp-json\/wp\/v2\/media?parent=54"}],"curies":[{"name":"wp","href":"https:\/\/api.w.org\/{rel}","templated":true}]}}